{"id":50,"date":"2025-08-13T20:40:13","date_gmt":"2025-08-13T20:40:13","guid":{"rendered":"http:\/\/rosiluestrada.com\/wp1\/about\/"},"modified":"2025-09-09T19:12:26","modified_gmt":"2025-09-09T19:12:26","slug":"about","status":"publish","type":"page","link":"http:\/\/rosiluestrada.com\/wp1\/about\/","title":{"rendered":"About"},"content":{"rendered":"\n\n\n\n\n\n\n\n\n<h2>Dra. Rosil\u00fa Estrada<\/h2>\n\n\n\n\n\n<p data-start=\"188\" data-end=\"219\"><strong data-start=\"188\" data-end=\"217\">Psic\u00f3loga y Coach de Vida<\/strong><\/p><p data-start=\"221\" data-end=\"670\">La Dra. Rosilu Estrada es psic\u00f3loga y coach de vida con una s\u00f3lida trayectoria de 26 a\u00f1os en consulta privada, dedicada a acompa\u00f1ar a adolescentes y adultos en procesos de transformaci\u00f3n personal y emocional. Egresada de la&nbsp;<strong data-start=\"445\" data-end=\"487\">Universidad Ju\u00e1rez Aut\u00f3noma de Tabasco<\/strong>, cuenta con&nbsp;<strong data-start=\"500\" data-end=\"536\">Maestr\u00eda en Psicoterapia Gestalt<\/strong>&nbsp;y&nbsp;<strong data-start=\"539\" data-end=\"572\">Doctorado en Coaching de Vida<\/strong>, formaci\u00f3n que respalda su enfoque integral para impulsar el bienestar y el crecimiento humano.<\/p>\n\n\n\n<p [object NamedNodeMap]>Su compromiso con la difusi\u00f3n del conocimiento la ha llevado a participar activamente en medios de comunicaci\u00f3n como radio, televisi\u00f3n y prensa. Ha sido conductora y colaboradora en programas como\u00a0<strong data-start=\"869\" data-end=\"887\">Aroma de Mujer<\/strong>\u00a0(XeVT),\u00a0<strong data-start=\"896\" data-end=\"920\">Radio Club del Hogar<\/strong>\u00a0(XEVA),\u00a0<strong data-start=\"929\" data-end=\"943\">Vivir Bien<\/strong>\u00a0(Radio Tabasco Hoy) y\u00a0<strong data-start=\"966\" data-end=\"986\">Cosas de Mujeres<\/strong>\u00a0(Panoramas sin Reservas). En televisi\u00f3n, su experiencia incluye espacios como\u00a0<strong data-start=\"1065\" data-end=\"1077\">Este D\u00eda<\/strong>\u00a0(Televisi\u00f3n Tabasque\u00f1a),\u00a0<strong data-start=\"1103\" data-end=\"1112\">Ahora<\/strong>\u00a0(Canal 8 por cable),\u00a0<strong data-start=\"1134\" data-end=\"1153\">Tu Nueva Visi\u00f3n<\/strong>(Comalcalco, Tabasco) y su propio programa en redes sociales:\u00a0<em data-start=\"1216\" data-end=\"1247\">Psicolog\u00eda y Coaching de Vida<\/em>.<br><\/p>\n\n\n\n<p data-start=\"1252\" data-end=\"1526\">En el \u00e1mbito editorial, ha compartido su conocimiento a trav\u00e9s de columnas especializadas en medios como&nbsp;<strong data-start=\"1357\" data-end=\"1379\">Diario Tabasco Hoy<\/strong>,&nbsp;<strong data-start=\"1381\" data-end=\"1405\">Semanario Unis y M\u00e1s<\/strong>,&nbsp;<strong data-start=\"1407\" data-end=\"1426\">Revista Enfoque<\/strong>,&nbsp;<strong data-start=\"1428\" data-end=\"1446\">Revista Grilla<\/strong>&nbsp;y&nbsp;<strong data-start=\"1449\" data-end=\"1473\">Sun Magazine Arizona<\/strong>, dirigida a la comunidad latina en Estados Unidos.<\/p><p data-start=\"1528\" data-end=\"1855\">Como psic\u00f3loga y conferencista, ha colaborado en proyectos de gran relevancia, entre ellos el programa de&nbsp;<strong data-start=\"1634\" data-end=\"1694\">Subrogaci\u00f3n de vientres maternos en el Estado de Tabasco<\/strong>, ciclos de conferencias para la&nbsp;<strong data-start=\"1727\" data-end=\"1762\">Secretar\u00eda de Educaci\u00f3n P\u00fablica<\/strong>&nbsp;del estado, y capacitaciones para empresas privadas como&nbsp;<strong data-start=\"1820\" data-end=\"1833\">Coca-Cola<\/strong>&nbsp;y&nbsp;<strong data-start=\"1836\" data-end=\"1852\">Schlumberger<\/strong>.<\/p><p data-start=\"1857\" data-end=\"1986\">Su misi\u00f3n es clara:&nbsp;<strong data-start=\"1877\" data-end=\"1983\">ayudar a las personas a conectar consigo mismas, transformar sus vidas y descubrir su m\u00e1ximo potencial<\/strong>.<\/p>\n\n\n\n\n\n\n\n\n\n<h2>\u00a1Reserva Ahora!<\/h2>\n\n\n\n\n\n\n\n\n\n\n\n\n\n\n\n\n\n\n\n\n\n\n\n\n\n<h2>Testimonios<\/h2>\n\n\n\n\n\n\n\n\n\n\n\n\n\n\n\n\n\n\n\n\n\n\n\n\n\n\n\n\n\n\n\n\n\n\n\n\n\n\n\n\n\n<h2>Nuestra Galer\u00eda<\/h2>\n\n\n\n\n\n\n","protected":false},"excerpt":{"rendered":"","protected":false},"author":1,"featured_media":0,"parent":0,"menu_order":0,"comment_status":"closed","ping_status":"closed","template":"","meta":{"pagelayer_contact_templates":[],"_pagelayer_content":"","_kadence_starter_templates_imported_post":false,"_kad_post_transparent":"","_kad_post_title":"","_kad_post_layout":"","_kad_post_sidebar_id":"","_kad_post_content_style":"","_kad_post_vertical_padding":"","_kad_post_feature":"","_kad_post_feature_position":"","_kad_post_header":false,"_kad_post_footer":false,"_kad_post_classname":"","footnotes":""},"class_list":["post-50","page","type-page","status-publish","hentry"],"jetpack_sharing_enabled":true,"_links":{"self":[{"href":"http:\/\/rosiluestrada.com\/wp1\/wp-json\/wp\/v2\/pages\/50","targetHints":{"allow":["GET"]}}],"collection":[{"href":"http:\/\/rosiluestrada.com\/wp1\/wp-json\/wp\/v2\/pages"}],"about":[{"href":"http:\/\/rosiluestrada.com\/wp1\/wp-json\/wp\/v2\/types\/page"}],"author":[{"embeddable":true,"href":"http:\/\/rosiluestrada.com\/wp1\/wp-json\/wp\/v2\/users\/1"}],"replies":[{"embeddable":true,"href":"http:\/\/rosiluestrada.com\/wp1\/wp-json\/wp\/v2\/comments?post=50"}],"version-history":[{"count":5,"href":"http:\/\/rosiluestrada.com\/wp1\/wp-json\/wp\/v2\/pages\/50\/revisions"}],"predecessor-version":[{"id":214,"href":"http:\/\/rosiluestrada.com\/wp1\/wp-json\/wp\/v2\/pages\/50\/revisions\/214"}],"wp:attachment":[{"href":"http:\/\/rosiluestrada.com\/wp1\/wp-json\/wp\/v2\/media?parent=50"}],"curies":[{"name":"wp","href":"https:\/\/api.w.org\/{rel}","templated":true}]}}