{"id":52,"date":"2025-08-13T20:40:14","date_gmt":"2025-08-13T20:40:14","guid":{"rendered":"http:\/\/rosiluestrada.com\/wp1\/contact\/"},"modified":"2025-08-13T20:40:14","modified_gmt":"2025-08-13T20:40:14","slug":"contact","status":"publish","type":"page","link":"http:\/\/rosiluestrada.com\/wp1\/contact\/","title":{"rendered":"Contact"},"content":{"rendered":"\n\n\n<h2>Cont\u00e1ctanos<\/h2>\n\n\n\n\n\n\n\n\n\n\n\n\n\n\n\n\n\n\n\n\n<h3>Formulario de Contacto<\/h3>\n\n<p>\u00bfTienes alguna pregunta o necesitas asistencia? \u00a1Estamos aqu\u00ed para ayudarte! Completa el formulario a continuaci\u00f3n y nuestro equipo te responder\u00e1 lo antes posible.<\/p>\n\n\n\n\n\n\n\n\n\n\n\n\n\n\n<h3>Nuestra Ubicaci\u00f3n<\/h3>\n\nNewyork\n\n\n\n","protected":false},"excerpt":{"rendered":"","protected":false},"author":1,"featured_media":0,"parent":0,"menu_order":0,"comment_status":"closed","ping_status":"closed","template":"","meta":{"pagelayer_contact_templates":[],"_pagelayer_content":"","_kadence_starter_templates_imported_post":false,"_kad_post_transparent":"","_kad_post_title":"","_kad_post_layout":"","_kad_post_sidebar_id":"","_kad_post_content_style":"","_kad_post_vertical_padding":"","_kad_post_feature":"","_kad_post_feature_position":"","_kad_post_header":false,"_kad_post_footer":false,"_kad_post_classname":"","footnotes":""},"class_list":["post-52","page","type-page","status-publish","hentry"],"jetpack_sharing_enabled":true,"_links":{"self":[{"href":"http:\/\/rosiluestrada.com\/wp1\/wp-json\/wp\/v2\/pages\/52","targetHints":{"allow":["GET"]}}],"collection":[{"href":"http:\/\/rosiluestrada.com\/wp1\/wp-json\/wp\/v2\/pages"}],"about":[{"href":"http:\/\/rosiluestrada.com\/wp1\/wp-json\/wp\/v2\/types\/page"}],"author":[{"embeddable":true,"href":"http:\/\/rosiluestrada.com\/wp1\/wp-json\/wp\/v2\/users\/1"}],"replies":[{"embeddable":true,"href":"http:\/\/rosiluestrada.com\/wp1\/wp-json\/wp\/v2\/comments?post=52"}],"version-history":[{"count":0,"href":"http:\/\/rosiluestrada.com\/wp1\/wp-json\/wp\/v2\/pages\/52\/revisions"}],"wp:attachment":[{"href":"http:\/\/rosiluestrada.com\/wp1\/wp-json\/wp\/v2\/media?parent=52"}],"curies":[{"name":"wp","href":"https:\/\/api.w.org\/{rel}","templated":true}]}}