{"id":62,"date":"2025-08-13T20:40:21","date_gmt":"2025-08-13T20:40:21","guid":{"rendered":"http:\/\/rosiluestrada.com\/wp1\/home\/"},"modified":"2026-01-13T19:36:58","modified_gmt":"2026-01-13T19:36:58","slug":"home","status":"publish","type":"page","link":"http:\/\/rosiluestrada.com\/wp1\/home\/","title":{"rendered":"Home"},"content":{"rendered":"\n\n\n\n\n<h2>\u00a1La Experiencia!<\/h2>\n\n\n\n\n\n<p>Cada experiencia es m\u00e1s que solo un destino; son los momentos que quitan el aliento, las conexiones humanas y las lecciones aprendidas. Desde aventuras emocionantes hasta momentos de serenidad, nuestras ofertas est\u00e1n hechas para encender tu curiosidad.<\/p>\n\n\n\n<p>Cada detalle es parte de una historia mayor, una que despierta tus sentidos y alimenta tu curiosidad. Creamos experiencias que quedan contigo mucho despu\u00e9s de que el viaje haya terminado.<\/p>\n\n\n\n\n\n\n\n<p>Dra. Rosil\u00fa Estrada Mart\u00ednez<\/p>\n\n\n\n\n\n\n\n<h2>Conoce a la Dra. Rosil\u00fa Estrada<\/h2>\n\n\n\n\n\n\n\n<h2>Iniciamos tu Viaje<\/h2>\n\n\n\n\n\n<p>Toda gran traves\u00eda comienza con un paso y la nuestra comenz\u00f3 con una visi\u00f3n: ofrecer experiencias inolvidables en el camino de la psicolog\u00eda y el coaching. Creemos en el poder del cambio personal, el asombro de nuevos comienzos, y la belleza que encontramos en cada etapa de nuestro desarrollo.<\/p>\n\n\n\n<p>Desde simples inicios, hemos crecido en un equipo guiado por la curiosidad y el deseo de ayudar a otros a encontrar su camino. Nuestra misi\u00f3n es clara: crear trayectorias significativas que inspiren y dejen una huella duradera.<\/p>\n\n\n\n<p>Ya sea que est\u00e9s comenzando en tu primer proceso de transformaci\u00f3n personal o que regreses a ello despu\u00e9s de un tiempo, estamos aqu\u00ed para ayudarte a comenzar y continuar en el camino hacia tu bienestar.<\/p>\n\n\n\n\n\n<p>Sesiones personalizadas, individuales o de pareja.<\/p>\n\n\n\n<p>Lorem Ipsum has been the industry&#8217;s standard dummy text ever since the 1500s.<\/p>\n\n\n\n<p>Desde 1999, la Dra. Rosil\u00fa Estrada transforma vidas<\/p>\n\n\n\n\n\n\n\n\n\n\n\n\n\n\n\n\n\n\n\n\n\n\n\n\n\n\n\n\n\n\n\n\n\n\n\n<h2>Nuestros Servicios<\/h2>\n\n\n\n\n\n\n\n<p>Creemos que un viaje exitoso termina con una sonrisa. Nuestro compromiso con el servicio personalizado garantiza que cada cliente deje su experiencia sinti\u00e9ndose satisfecho, inspirado y listo para avanzar hacia su pr\u00f3xima meta.<\/p>\n\n\n\n\n\n<p>Desde conferencias inspiradoras hasta talleres pr\u00e1cticos, nuestros servicios est\u00e1n dise\u00f1ados para ayudar a las personas a crecer y recordar, creando memorias inolvidables.<\/p>\n\n\n\n\n\n<p>Avanza con confianza. Nuestro equipo de apoyo est\u00e1 aqu\u00ed para asistirte en cada paso, ya sea antes, durante o despu\u00e9s de tus sesiones.<\/p>\n\n\n\n\n\n<p>Viajamos de manera responsable, priorizando el bienestar, respetando la cultura local, y generando un impacto positivo en las comunidades a las que servimos.<\/p>\n\n\n\n\n\n<p>Explora la vida sin comprometer tu bienestar. Disfruta de descuentos exclusivos y promociones especiales en nuestros servicios y actividades de desarrollo personal.<\/p>\n\n\n\n\n\n<p>Elige entre una variedad de servicios que se adaptan a tus necesidades, ya sea que busques sesiones individuales, talleres grupales o conferencias.<\/p>\n\n\n\n\n\n<p>Descubre el coraz\u00f3n y la esencia de cada sesi\u00f3n con nuestros programas, guiados por expertos que conocen las historias detr\u00e1s de cada transformaci\u00f3n.<\/p>\n\n\n\n\n\n<p>Captura tu viaje hacia el bienestar de manera hermosa. Nuestras sesiones est\u00e1n dise\u00f1adas para ofrecer momentos perfectos e inspiradores, ideales para todos aquellos que buscan el crecimiento personal.<\/p>\n\n\n\n\n\n\n\n\n\n<h2>Galer\u00eda<\/h2>\n\n\n\n\n\n\n\n<h2>TESTIMONIOS<\/h2>\n\n\n\n\n\n<h2>Historias de \u00c9xito<\/h2>\n\n\n\n\n\n<h2>TESTIMONIOS<\/h2>\n\n\n\n\n\n<h2>TESTIMONIOS<\/h2>\n\n\n\n\n\n<h2>TESTIMONIOS<\/h2>\n\n\n\n\n\n<h2>TESTIMONIOS<\/h2>\n\n\n\n\n\n\n\n\n\n\n\nPor confirmar fechas\n\n\n\n<h2>Contacta con Nosotros<\/h2>\n\n\n\n<h4>Tu Futuro Comienza Aqu\u00ed<\/h4>\n\n\n\n\n\n<h1>Transforma Tu Vida<\/h1>\n\n\n\n\n\n\n\n\n\n<h2>\u00a1Reserva Ahora!<\/h2>\n\n\n\n\n\n\n\n\n\n\n\n\n\n\n\n\n\n\n\n\n\n\n\n\n\n<h2>Testimonios<\/h2>\n\n\n\n\n\n\n\n\n\n\n\n\n\n\n\n<h2>Cont\u00e1ctanos<\/h2>\n\n\n\n\n\n\n\nClinica la Ceiba. Fraccionamiento la Ceiba. c.p. 86127. Villahermosa, Tabasco\n\n\n\n\n\nCitas:\n\n\n\n\n\n\n\n<a href=\"mailto:consultas@rosiluestrada.com\">consultas@rosiluestrada.com<\/a>\n\n\n\n\n\n\n\n<h2>Con\u00e9ctate con Nosotros<\/h2>\n\n\n\n\n\n<p>\u00a1Nos encantar\u00eda saber de ti! Ya sea que tengas alguna pregunta, necesites ayuda, o simplemente quieras saludarnos, nuestro equipo est\u00e1 aqu\u00ed para ti.<\/p>\n\n\n\n\n\n\n\n\n\n\n\n\n\n\n\n\n\n\n\n\n\n\n\n\n\n\n\n\n","protected":false},"excerpt":{"rendered":"","protected":false},"author":1,"featured_media":139,"parent":0,"menu_order":0,"comment_status":"closed","ping_status":"closed","template":"","meta":{"pagelayer_contact_templates":[],"_pagelayer_content":"","_kadence_starter_templates_imported_post":false,"_kad_post_transparent":"","_kad_post_title":"","_kad_post_layout":"","_kad_post_sidebar_id":"","_kad_post_content_style":"","_kad_post_vertical_padding":"","_kad_post_feature":"","_kad_post_feature_position":"","_kad_post_header":false,"_kad_post_footer":false,"_kad_post_classname":"","footnotes":""},"class_list":["post-62","page","type-page","status-publish","has-post-thumbnail","hentry"],"jetpack_sharing_enabled":true,"_links":{"self":[{"href":"http:\/\/rosiluestrada.com\/wp1\/wp-json\/wp\/v2\/pages\/62","targetHints":{"allow":["GET"]}}],"collection":[{"href":"http:\/\/rosiluestrada.com\/wp1\/wp-json\/wp\/v2\/pages"}],"about":[{"href":"http:\/\/rosiluestrada.com\/wp1\/wp-json\/wp\/v2\/types\/page"}],"author":[{"embeddable":true,"href":"http:\/\/rosiluestrada.com\/wp1\/wp-json\/wp\/v2\/users\/1"}],"replies":[{"embeddable":true,"href":"http:\/\/rosiluestrada.com\/wp1\/wp-json\/wp\/v2\/comments?post=62"}],"version-history":[{"count":20,"href":"http:\/\/rosiluestrada.com\/wp1\/wp-json\/wp\/v2\/pages\/62\/revisions"}],"predecessor-version":[{"id":241,"href":"http:\/\/rosiluestrada.com\/wp1\/wp-json\/wp\/v2\/pages\/62\/revisions\/241"}],"wp:featuredmedia":[{"embeddable":true,"href":"http:\/\/rosiluestrada.com\/wp1\/wp-json\/wp\/v2\/media\/139"}],"wp:attachment":[{"href":"http:\/\/rosiluestrada.com\/wp1\/wp-json\/wp\/v2\/media?parent=62"}],"curies":[{"name":"wp","href":"https:\/\/api.w.org\/{rel}","templated":true}]}}